{"id":54849,"date":"2025-06-12T07:37:20","date_gmt":"2025-06-12T12:37:20","guid":{"rendered":"https:\/\/www.basler.com\/conformite-reglementaire\/"},"modified":"2025-09-12T13:11:35","modified_gmt":"2025-09-12T18:11:35","slug":"conformite-reglementaire","status":"publish","type":"page","link":"https:\/\/bestsoftwaredepot.com\/fr\/conformite-reglementaire\/","title":{"rendered":"Conformit\u00e9 r\u00e9glementaire"},"content":{"rendered":"<section  data-block-id=\"hammer_block_b7051685ecd169b2b426c2cae7ba288b\" data-block=\"text-2\" class=\"block block-text-2 text-2 bg-sombre spacing-top-normal spacing-bottom-normal\">    <div class=\"wrapper\">\n                    <div class=\"headline-wrapper\">\n                <h1 id=\"hammer_component_69de220f9471c\" data-component=\"headline\" class=\"component component-headline headline style-default\">Conformit&eacute; r&eacute;glementaire<\/h1>\n            <\/div>\n        \n        \n            <\/div>\n    <\/section><section  data-block-id=\"hammer_block_d3f37aa96b4a03ed7afd7142290e2158\" data-block=\"text-2\" class=\"block block-text-2 text-2 bg-lumi\u00e8re spacing-top-normal spacing-bottom-normal\">    <div class=\"wrapper\">\n        \n                    <div class=\"columns single-column\">\n                                    <div class=\"column\">\n                        <div id=\"hammer_component_69de220f9d641\" data-component=\"rich-text\" class=\"component component-rich-text rich-text\"><p>La B&acirc;le a pris des mesures pour assurer le respect des diff&eacute;rentes directives r&eacute;glementaires sur une base sp&eacute;cifique, en fonction du produit, de l&rsquo;application et des besoins de nos clients. Si vous avez besoin de produits conformes, contactez votre <a title=\"Recherche de repr&eacute;sentants et de support\" href=\"https:\/\/www.basler.com\/Support\/\">repr&eacute;sentant commercial local, votre directeur des ventes<\/a> ou <a title=\"Lien vers info@basler.com\" href=\"mailto:info@basler.com\">info@basler.com<\/a>. <\/p>\n<h3>Demandes de conformit&eacute; environnementale<\/h3>\n<p>Pour toute demande de renseignements sur la directive RoHS et la directive RoHS en Chine, veuillez contacter  <a title=\"Lien vers reneebippen@basler.com\" href=\"mailto:reneebippen@basler.com\">reneebippen@basler.com<\/a><\/p>\n<p>Pour toute demande de renseignements sur REACH, SCIP et TSCA, contactez <a title=\"Lien vers baslerrequests@assent.com\" href=\"mailto:baslerrequests@assent.com\">baslerrequests@assent.com<\/a><\/p>\n<h3>Mod&egrave;les CMRT et EMRT<\/h3>\n<p>T&eacute;l&eacute;chargez notre  <a href=\"https:\/\/www.basler.com\/wp-content\/uploads\/2025\/07\/2025-Basler-RMI_CMRT_6.5.xlsx\" target=\"_blank\" rel=\"noopener\">Mod&egrave;le de rapport sur les minerais de conflit (CMRT)<\/a><\/p>\n<p>T&eacute;l&eacute;chargez notre <a href=\"https:\/\/www.basler.com\/wp-content\/uploads\/2025\/07\/2025-Basler-RMI_EMRT_2.0.xlsx\" target=\"_blank\" rel=\"noopener\">mod&egrave;le de rapport d&eacute;taill&eacute; sur les min&eacute;raux (EMRT)<\/a><\/p>\n<h3>Politique de confidentialit&eacute;<\/h3>\n<p><a href=\"https:\/\/www.basler.com\/wp-content\/uploads\/2025\/06\/Privacy-Policy-1-6-21.pdf\" target=\"_blank\" rel=\"noopener\">Cliquez pour consulter notre politique de confidentialit&eacute;<\/a><\/p>\n<h3>Les PFAS<\/h3>\n<p><a href=\"https:\/\/www.basler.com\/fr\/les-pfas\/\">Cliquez ici pour plus d&rsquo;informations sur les PFAS<\/a><\/p>\n<h3>Proposition 65<\/h3>\n<p>La Proposition 65 de la Californie autorise les consommateurs californiens &agrave; recevoir des avertissements sp&eacute;ciaux pour les produits susceptibles de contenir des produits chimiques reconnus par l&rsquo;&Eacute;tat de Californie comme pouvant causer le cancer, des malformations cong&eacute;nitales ou d&rsquo;autres troubles de la reproduction.<\/p>\n<p>Veuillez noter qu&rsquo;en publiant cet avertissement de la Proposition 65, nous vous informons qu&rsquo;un ou plusieurs des produits chimiques r&eacute;pertori&eacute;s dans la Proposition 65 peuvent &ecirc;tre pr&eacute;sents dans les produits que nous vous vendons.<\/p>\n<p>Pour plus d&rsquo;informations sur la Proposition 65, veuillez consulter <a href=\"https:\/\/www.p65warnings.ca.gov\/\">https:\/\/www.p65warnings.ca.gov<\/a><\/p>\n<h3>ATTEINDRE<\/h3>\n<p>REACH (Registration, Evaluation, Authorization and Restriction of Chemicals) est un r&egrave;glement (CE) n&deg; 1907\/2006 de la Commission de l&rsquo;Union europ&eacute;enne (CE) sur les substances chimiques et leur utilisation s&ucirc;re est entr&eacute; en vigueur le 1er juin 2007.<\/p>\n<p>Basler Electric soutient l&rsquo;objectif de REACH d&rsquo;am&eacute;liorer la protection de la sant&eacute; humaine et de l&rsquo;environnement gr&acirc;ce &agrave; une identification meilleure et plus pr&eacute;coce des propri&eacute;t&eacute;s intrins&egrave;ques des substances chimiques et s&rsquo;engage &agrave; fournir &agrave; ses clients des informations sur les substances dans sa production si n&eacute;cessaire.<\/p>\n<p>Dans le cadre de REACH, Basler Electric produit des assemblages complexes compos&eacute;s d&rsquo;&laquo; articles &raquo; tels que d&eacute;finis &agrave; l&rsquo;article 3, paragraphe 3, de REACH. Les articles utilis&eacute;s par Basler Electric dans ses assemblages ne lib&egrave;rent pas de substances dans le cadre d&rsquo;une utilisation normale. Les fournisseurs d&rsquo;articles et d&rsquo;assemblages d&rsquo;articles doivent fournir aux destinataires des informations sur les substances extr&ecirc;mement pr&eacute;occupantes (SVHC) si celles-ci sont pr&eacute;sentes au-dessus d&rsquo;une limite de concentration de 0,1 % poids par poids au niveau de l&rsquo;article. Basler Electric travaille en permanence avec ses fournisseurs pour &eacute;valuer tous les mat&eacute;riaux li&eacute;s &agrave; REACH et s&rsquo;engage &agrave; fournir &agrave; ses clients les informations les plus r&eacute;centes dont nous disposons.   <\/p>\n<p>Pour plus d&rsquo;informations sur REACH, rendez-vous sur <a href=\"https:\/\/echa.europa.eu\/regulations\/reach\">https:\/\/echa.europa.eu\/regulations\/reach<\/a><\/p>\n<\/div>\n                    <\/div>\n                            <\/div>\n        \n            <\/div>\n    <\/section>","protected":false},"excerpt":{"rendered":"","protected":false},"author":1,"featured_media":0,"parent":0,"menu_order":0,"comment_status":"closed","ping_status":"closed","template":"","meta":{"_acf_changed":false,"content-type":"","inline_featured_image":false,"ep_exclude_from_search":false,"footnotes":""},"class_list":["post-54849","page","type-page","status-publish","hentry"],"acf":[],"yoast_head":"<!-- This site is optimized with the Yoast SEO plugin v26.3 - https:\/\/yoast.com\/wordpress\/plugins\/seo\/ -->\n<title>Conformit\u00e9 r\u00e9glementaire | Basler Electric<\/title>\n<meta name=\"description\" content=\"D\u00e9couvrez l&#039;importance de la conformit\u00e9 r\u00e9glementaire pour votre entreprise. Assurez-vous de respecter les normes et r\u00e8glements en vigueur facilement.\" \/>\n<meta name=\"robots\" content=\"index, follow, max-snippet:-1, max-image-preview:large, max-video-preview:-1\" \/>\n<link rel=\"canonical\" href=\"https:\/\/bestsoftwaredepot.com\/fr\/conformite-reglementaire\/\" \/>\n<meta property=\"og:locale\" content=\"fr_FR\" \/>\n<meta property=\"og:type\" content=\"article\" \/>\n<meta property=\"og:title\" content=\"Conformit\u00e9 r\u00e9glementaire | Basler Electric\" \/>\n<meta property=\"og:description\" content=\"D\u00e9couvrez l&#039;importance de la conformit\u00e9 r\u00e9glementaire pour votre entreprise. Assurez-vous de respecter les normes et r\u00e8glements en vigueur facilement.\" \/>\n<meta property=\"og:url\" content=\"https:\/\/bestsoftwaredepot.com\/fr\/conformite-reglementaire\/\" \/>\n<meta property=\"og:site_name\" content=\"Basler Electric\" \/>\n<meta property=\"article:modified_time\" content=\"2025-09-12T18:11:35+00:00\" \/>\n<meta property=\"og:image\" content=\"https:\/\/bestsoftwaredepot.com\/wp-content\/uploads\/2025\/07\/Basler-Default-Image.jpg\" \/>\n\t<meta property=\"og:image:width\" content=\"1920\" \/>\n\t<meta property=\"og:image:height\" content=\"1080\" \/>\n\t<meta property=\"og:image:type\" content=\"image\/jpeg\" \/>\n<meta name=\"twitter:card\" content=\"summary_large_image\" \/>\n<script type=\"application\/ld+json\" class=\"yoast-schema-graph\">{\"@context\":\"https:\/\/schema.org\",\"@graph\":[{\"@type\":\"WebPage\",\"@id\":\"https:\/\/bestsoftwaredepot.com\/fr\/conformite-reglementaire\/\",\"url\":\"https:\/\/bestsoftwaredepot.com\/fr\/conformite-reglementaire\/\",\"name\":\"Conformit\u00e9 r\u00e9glementaire | Basler Electric\",\"isPartOf\":{\"@id\":\"https:\/\/catalog.basler.com\/#website\"},\"datePublished\":\"2025-06-12T12:37:20+00:00\",\"dateModified\":\"2025-09-12T18:11:35+00:00\",\"description\":\"D\u00e9couvrez l'importance de la conformit\u00e9 r\u00e9glementaire pour votre entreprise. Assurez-vous de respecter les normes et r\u00e8glements en vigueur facilement.\",\"breadcrumb\":{\"@id\":\"https:\/\/bestsoftwaredepot.com\/fr\/conformite-reglementaire\/#breadcrumb\"},\"inLanguage\":\"fr-FR\",\"potentialAction\":[{\"@type\":\"ReadAction\",\"target\":[\"https:\/\/bestsoftwaredepot.com\/fr\/conformite-reglementaire\/\"]}]},{\"@type\":\"BreadcrumbList\",\"@id\":\"https:\/\/bestsoftwaredepot.com\/fr\/conformite-reglementaire\/#breadcrumb\",\"itemListElement\":[{\"@type\":\"ListItem\",\"position\":1,\"name\":\"Home\",\"item\":\"https:\/\/fr.basler.com\/fr\/\"},{\"@type\":\"ListItem\",\"position\":2,\"name\":\"Conformit\u00e9 r\u00e9glementaire\"}]},{\"@type\":\"WebSite\",\"@id\":\"https:\/\/catalog.basler.com\/#website\",\"url\":\"https:\/\/catalog.basler.com\/\",\"name\":\"Basler Electric\",\"description\":\"\",\"publisher\":{\"@id\":\"https:\/\/catalog.basler.com\/#organization\"},\"potentialAction\":[{\"@type\":\"SearchAction\",\"target\":{\"@type\":\"EntryPoint\",\"urlTemplate\":\"https:\/\/catalog.basler.com\/?s={search_term_string}\"},\"query-input\":{\"@type\":\"PropertyValueSpecification\",\"valueRequired\":true,\"valueName\":\"search_term_string\"}}],\"inLanguage\":\"fr-FR\"},{\"@type\":\"Organization\",\"@id\":\"https:\/\/catalog.basler.com\/#organization\",\"name\":\"Basler Electric\",\"url\":\"https:\/\/catalog.basler.com\/\",\"logo\":{\"@type\":\"ImageObject\",\"inLanguage\":\"fr-FR\",\"@id\":\"https:\/\/catalog.basler.com\/#\/schema\/logo\/image\/\",\"url\":\"https:\/\/www.basler.com\/wp-content\/uploads\/2025\/10\/Basler-Logo-Favicon.png\",\"contentUrl\":\"https:\/\/www.basler.com\/wp-content\/uploads\/2025\/10\/Basler-Logo-Favicon.png\",\"width\":512,\"height\":512,\"caption\":\"Basler Electric\"},\"image\":{\"@id\":\"https:\/\/catalog.basler.com\/#\/schema\/logo\/image\/\"}}]}<\/script>\n<!-- \/ Yoast SEO plugin. -->","yoast_head_json":{"title":"Conformit\u00e9 r\u00e9glementaire | Basler Electric","description":"D\u00e9couvrez l'importance de la conformit\u00e9 r\u00e9glementaire pour votre entreprise. Assurez-vous de respecter les normes et r\u00e8glements en vigueur facilement.","robots":{"index":"index","follow":"follow","max-snippet":"max-snippet:-1","max-image-preview":"max-image-preview:large","max-video-preview":"max-video-preview:-1"},"canonical":"https:\/\/bestsoftwaredepot.com\/fr\/conformite-reglementaire\/","og_locale":"fr_FR","og_type":"article","og_title":"Conformit\u00e9 r\u00e9glementaire | Basler Electric","og_description":"D\u00e9couvrez l'importance de la conformit\u00e9 r\u00e9glementaire pour votre entreprise. Assurez-vous de respecter les normes et r\u00e8glements en vigueur facilement.","og_url":"https:\/\/bestsoftwaredepot.com\/fr\/conformite-reglementaire\/","og_site_name":"Basler Electric","article_modified_time":"2025-09-12T18:11:35+00:00","og_image":[{"width":1920,"height":1080,"url":"https:\/\/bestsoftwaredepot.com\/wp-content\/uploads\/2025\/07\/Basler-Default-Image.jpg","type":"image\/jpeg"}],"twitter_card":"summary_large_image","schema":{"@context":"https:\/\/schema.org","@graph":[{"@type":"WebPage","@id":"https:\/\/bestsoftwaredepot.com\/fr\/conformite-reglementaire\/","url":"https:\/\/bestsoftwaredepot.com\/fr\/conformite-reglementaire\/","name":"Conformit\u00e9 r\u00e9glementaire | Basler Electric","isPartOf":{"@id":"https:\/\/catalog.basler.com\/#website"},"datePublished":"2025-06-12T12:37:20+00:00","dateModified":"2025-09-12T18:11:35+00:00","description":"D\u00e9couvrez l'importance de la conformit\u00e9 r\u00e9glementaire pour votre entreprise. Assurez-vous de respecter les normes et r\u00e8glements en vigueur facilement.","breadcrumb":{"@id":"https:\/\/bestsoftwaredepot.com\/fr\/conformite-reglementaire\/#breadcrumb"},"inLanguage":"fr-FR","potentialAction":[{"@type":"ReadAction","target":["https:\/\/bestsoftwaredepot.com\/fr\/conformite-reglementaire\/"]}]},{"@type":"BreadcrumbList","@id":"https:\/\/bestsoftwaredepot.com\/fr\/conformite-reglementaire\/#breadcrumb","itemListElement":[{"@type":"ListItem","position":1,"name":"Home","item":"https:\/\/fr.basler.com\/fr\/"},{"@type":"ListItem","position":2,"name":"Conformit\u00e9 r\u00e9glementaire"}]},{"@type":"WebSite","@id":"https:\/\/catalog.basler.com\/#website","url":"https:\/\/catalog.basler.com\/","name":"Basler Electric","description":"","publisher":{"@id":"https:\/\/catalog.basler.com\/#organization"},"potentialAction":[{"@type":"SearchAction","target":{"@type":"EntryPoint","urlTemplate":"https:\/\/catalog.basler.com\/?s={search_term_string}"},"query-input":{"@type":"PropertyValueSpecification","valueRequired":true,"valueName":"search_term_string"}}],"inLanguage":"fr-FR"},{"@type":"Organization","@id":"https:\/\/catalog.basler.com\/#organization","name":"Basler Electric","url":"https:\/\/catalog.basler.com\/","logo":{"@type":"ImageObject","inLanguage":"fr-FR","@id":"https:\/\/catalog.basler.com\/#\/schema\/logo\/image\/","url":"https:\/\/www.basler.com\/wp-content\/uploads\/2025\/10\/Basler-Logo-Favicon.png","contentUrl":"https:\/\/www.basler.com\/wp-content\/uploads\/2025\/10\/Basler-Logo-Favicon.png","width":512,"height":512,"caption":"Basler Electric"},"image":{"@id":"https:\/\/catalog.basler.com\/#\/schema\/logo\/image\/"}}]}},"_links":{"self":[{"href":"https:\/\/bestsoftwaredepot.com\/fr\/wp-json\/wp\/v2\/pages\/54849","targetHints":{"allow":["GET"]}}],"collection":[{"href":"https:\/\/bestsoftwaredepot.com\/fr\/wp-json\/wp\/v2\/pages"}],"about":[{"href":"https:\/\/bestsoftwaredepot.com\/fr\/wp-json\/wp\/v2\/types\/page"}],"author":[{"embeddable":true,"href":"https:\/\/bestsoftwaredepot.com\/fr\/wp-json\/wp\/v2\/users\/1"}],"replies":[{"embeddable":true,"href":"https:\/\/bestsoftwaredepot.com\/fr\/wp-json\/wp\/v2\/comments?post=54849"}],"version-history":[{"count":1,"href":"https:\/\/bestsoftwaredepot.com\/fr\/wp-json\/wp\/v2\/pages\/54849\/revisions"}],"predecessor-version":[{"id":54856,"href":"https:\/\/bestsoftwaredepot.com\/fr\/wp-json\/wp\/v2\/pages\/54849\/revisions\/54856"}],"wp:attachment":[{"href":"https:\/\/bestsoftwaredepot.com\/fr\/wp-json\/wp\/v2\/media?parent=54849"}],"curies":[{"name":"wp","href":"https:\/\/api.w.org\/{rel}","templated":true}]}}